{"id":17,"date":"2022-09-12T09:26:10","date_gmt":"2022-09-12T09:26:10","guid":{"rendered":"https:\/\/heikewalterberlin.de\/?page_id=17"},"modified":"2022-09-30T09:35:43","modified_gmt":"2022-09-30T09:35:43","slug":"impressum","status":"publish","type":"page","link":"https:\/\/heikewalterberlin.de\/index.php\/impressum\/","title":{"rendered":"Impressum"},"content":{"rendered":"\t\t<div data-elementor-type=\"wp-page\" data-elementor-id=\"17\" class=\"elementor elementor-17\">\n\t\t\t\t\t\t<section class=\"elementor-section elementor-top-section elementor-element elementor-element-48a5b3e elementor-section-boxed elementor-section-height-default elementor-section-height-default\" data-id=\"48a5b3e\" data-element_type=\"section\">\n\t\t\t\t\t\t<div class=\"elementor-container elementor-column-gap-default\">\n\t\t\t\t\t<div class=\"elementor-column elementor-col-100 elementor-top-column elementor-element elementor-element-25e4c8a\" data-id=\"25e4c8a\" data-element_type=\"column\">\n\t\t\t<div class=\"elementor-widget-wrap elementor-element-populated\">\n\t\t\t\t\t\t<div class=\"elementor-element elementor-element-1ccef82 elementor-widget elementor-widget-text-editor\" data-id=\"1ccef82\" data-element_type=\"widget\" data-widget_type=\"text-editor.default\">\n\t\t\t\t<div class=\"elementor-widget-container\">\n\t\t\t<style>\/*! elementor - v3.23.0 - 05-08-2024 *\/\n.elementor-widget-text-editor.elementor-drop-cap-view-stacked .elementor-drop-cap{background-color:#69727d;color:#fff}.elementor-widget-text-editor.elementor-drop-cap-view-framed .elementor-drop-cap{color:#69727d;border:3px solid;background-color:transparent}.elementor-widget-text-editor:not(.elementor-drop-cap-view-default) .elementor-drop-cap{margin-top:8px}.elementor-widget-text-editor:not(.elementor-drop-cap-view-default) .elementor-drop-cap-letter{width:1em;height:1em}.elementor-widget-text-editor .elementor-drop-cap{float:left;text-align:center;line-height:1;font-size:50px}.elementor-widget-text-editor .elementor-drop-cap-letter{display:inline-block}<\/style>\t\t\t\t<div style=\"min-height: 1509px; width: 1050px;\"><div style=\"width: 695px; min-height: 1509px; margin-top: 0; margin-left: 0;\" data-id=\"BFA085CB-60A8-4E09-9880-9F095CB82B8B\" data-kind=\"TEXT\"><div data-in-template=\"false\" data-id=\"BFA085CB-60A8-4E09-9880-9F095CB82B8B\" data-kind=\"Component\" data-specific-kind=\"TEXT\"><div data-mve-font-change=\"0\"><div data-id=\"36c8a903\" data-element_type=\"widget\" data-widget_type=\"heading.default\"><div><p><strong>Angaben gem\u00e4\u00df \u00a7 5 TMG<\/strong><\/p><\/div><\/div><div data-id=\"61c28fdf\" data-element_type=\"widget\" data-widget_type=\"text-editor.default\"><p>Name<br \/>Stra\u00dfe<br \/>Stadt<\/p><p>Umsatzsteuer-Identifikationsnummer gem\u00e4\u00df \u00a7 27 a Umsatzsteuergesetz: xxxx<\/p><\/div><div data-id=\"47ecd8e2\" data-element_type=\"widget\" data-widget_type=\"heading.default\"><div><p><strong>Kontakt<\/strong><\/p><\/div><\/div><div data-id=\"610f001f\" data-element_type=\"widget\" data-widget_type=\"text-editor.default\"><div><div><p>Telefon:\u00a0xxxx<br \/>E-Mail:\u00a0xxxx<\/p><\/div><\/div><\/div><p style=\"padding: 0px 0px 10px; font-size: 16px;\"><span style=\"font-size: 16px;\">Inhaltlich verantwortlich:<\/span><\/p><p style=\"padding: 0px 0px 10px;\">Inhaltlich verantwortlich f\u00fcr redaktionelle Inhalte der Webseite gem\u00e4\u00df \u00a7 5 TMG (Telemediengesetz) ist Heike Walter<\/p><p style=\"padding: 0px 0px 10px;\">Keine Abmahnung ohne vorherigen Kontakt<br \/>Sollte der Inhalt oder die Gestaltung Rechte Dritter oder gesetzliche Bestimmungen verletzen, so bitten wir unter Berufung auf \u00a7 8 Abs. 4 UWG, um eine angemessene, ausreichend erl\u00e4uternde Nachricht ohne Kostennote.<\/p><p>Wir garantieren, dass rechtm\u00e4\u00dfig beanstandete Passagen oder Teile in angemessener Frist entfernt bzw. den rechtlichen Vorgaben umf\u00e4nglich angepasst werden, ohne dass die Einschaltung eines Rechtsbeistandes erforderlich ist.<\/p><p>Die Einschaltung eines Anwalts zur f\u00fcr den Dienstanbieter kostenpflichtigen Abmahnung entspricht nicht dessen wirklichem oder mutma\u00dflichem Willen und w\u00fcrde damit einen Versto\u00df gegen das UWG wegen der Verfolgung sachfremder Ziele als beherrschendes Motiv der Verfahrenseinleitung, insbesondere einer Kostenerzielungsabsicht als eigentliches Motiv, sowie einen Versto\u00df gegen die Schadensminderungspflicht darstellen.<\/p><h3 style=\"padding: 0px 0px 10px;\">Haftungsausschluss<\/h3><p style=\"padding: 0px 0px 10px; font-size: 16px;\"><span style=\"font-size: 16px;\">Haftung f\u00fcr Inhalte<\/span><\/p><p style=\"padding: 0px 0px 10px;\">Die Inhalte unserer Seiten wurden mit gr\u00f6\u00dfter Sorgfalt erstellt. F\u00fcr die Richtigkeit, Vollst\u00e4ndigkeit und Aktualit\u00e4t der Inhalte k\u00f6nnen wir jedoch keine Gew\u00e4hr \u00fcbernehmen. Als Dienstanbieter sind wir gem\u00e4\u00df \u00a7 7 Abs.1 TMG f\u00fcr eigene Inhalte auf diesen Seiten nach den allgemeinen Gesetzen verantwortlich. Nach \u00a7\u00a7 8 bis 10 TMG sind wir als Dienstanbieter jedoch nicht verpflichtet, \u00fcbermittelte oder gespeicherte fremde Informationen zu \u00fcberwachen oder nach Umst\u00e4nden zu forschen, die auf eine rechtswidrige T\u00e4tigkeit hinweisen. Verpflichtungen zur Entfernung oder Sperrung der Nutzung von Informationen nach den allgemeinen Gesetzen bleiben hiervon unber\u00fchrt. Eine diesbez\u00fcgliche Haftung ist jedoch erst ab dem Zeitpunkt der Kenntnis einer konkreten Rechtsverletzung m\u00f6glich. Bei Bekanntwerden von entsprechenden Rechtsverletzungen werden wir diese Inhalte umgehend entfernen.<\/p><p style=\"padding: 0px 0px 10px; font-size: 16px;\"><span style=\"font-size: 16px;\">Haftung f\u00fcr Links<\/span><\/p><p style=\"padding: 0px 0px 10px;\">Unser Angebot enth\u00e4lt Links zu externen Webseiten Dritter, auf deren Inhalte wir keinen Einfluss haben. Deshalb k\u00f6nnen wir f\u00fcr diese fremden Inhalte auch keine Gew\u00e4hr \u00fcbernehmen. F\u00fcr die Inhalte der verlinkten Seiten ist stets der jeweilige Anbieter oder Betreiber der Seiten verantwortlich. Die verlinkten Seiten wurden zum Zeitpunkt der Verlinkung auf m\u00f6gliche Rechtsverst\u00f6\u00dfe \u00fcberpr\u00fcft. Rechtswidrige Inhalte waren zum Zeitpunkt der Verlinkung nicht erkennbar. Eine permanente inhaltliche Kontrolle der verlinkten Seiten ist jedoch ohne konkrete Anhaltspunkte einer Rechtsverletzung nicht zumutbar. Bei Bekanntwerden von Rechtsverletzungen werden wir derartige Links umgehend entfernen.<\/p><p style=\"padding: 0px 0px 10px; font-size: 16px;\"><span style=\"font-size: 16px;\">Urheberrecht<\/span><\/p><p style=\"padding: 0px 0px 10px;\">Die durch die Seitenbetreiber erstellten Inhalte und Werke auf diesen Seiten unterliegen dem deutschen Urheberrecht. Die Vervielf\u00e4ltigung, Bearbeitung, Verbreitung und jede Art der Verwertung au\u00dferhalb der Grenzen des Urheberrechtes bed\u00fcrfen der schriftlichen Zustimmung des jeweiligen Autors bzw. Erstellers. Downloads und Kopien dieser Seite sind nur f\u00fcr den privaten, nicht kommerziellen Gebrauch gestattet. Soweit die Inhalte auf dieser Seite nicht vom Betreiber erstellt wurden, werden die Urheberrechte Dritter beachtet. Insbesondere werden Inhalte Dritter als solche gekennzeichnet. Sollten Sie trotzdem auf eine Urheberrechtsverletzung aufmerksam werden, bitten wir um einen entsprechenden Hinweis. Bei Bekanntwerden von Rechtsverletzungen werden wir derartige Inhalte umgehend entfernen.<\/p><p style=\"padding: 0px 0px 10px;\"><span style=\"font-size: 16px;\">Bilder &amp; Fotos<\/span><br \/>Heike Walter, Achim Bode<\/p><p style=\"padding: 0px 0px 10px;\"><span style=\"font-size: 16px;\">Webdesign<br \/><\/span><\/p><\/div><\/div><\/div><\/div><div style=\"min-height: 120px; width: 1050px;\"><div style=\"width: 120px; min-height: 120px; margin-top: 0; margin-left: 0;\" data-id=\"F3313230-2E90-463A-ADEE-8E45950C277A\" data-kind=\"IMAGE\"><div data-in-template=\"false\" data-id=\"F3313230-2E90-463A-ADEE-8E45950C277A\" data-kind=\"Component\" data-specific-kind=\"IMAGE\"><div style=\"overflow: hidden;\" data-width=\"120\" data-height=\"120\"><img decoding=\"async\" style=\"margin-top: 0px; margin-left: 0px; display: block; margin: 0;\" role=\"presentation\" src=\"https:\/\/carolawillbrand.de\/____impro\/1\/onewebmedia\/120x120.png?etag=%223d5-6214f7ad%22&amp;sourceContentType=image%2Fpng\" width=\"120\" height=\"120\" data-loading=\"lazy\" data-scalestrategy=\"crop\" data-width=\"120\" data-height=\"120\" \/><\/div><\/div><\/div><\/div>\t\t\t\t\t\t<\/div>\n\t\t\t\t<\/div>\n\t\t\t\t\t<\/div>\n\t\t<\/div>\n\t\t\t\t\t<\/div>\n\t\t<\/section>\n\t\t\t\t<\/div>\n\t\t","protected":false},"excerpt":{"rendered":"<p>Angaben gem\u00e4\u00df \u00a7 5 TMG NameStra\u00dfeStadt Umsatzsteuer-Identifikationsnummer gem\u00e4\u00df \u00a7 27 a Umsatzsteuergesetz: xxxx Kontakt Telefon:\u00a0xxxxE-Mail:\u00a0xxxx Inhaltlich verantwortlich: Inhaltlich verantwortlich f\u00fcr redaktionelle Inhalte der Webseite gem\u00e4\u00df \u00a7 5 TMG (Telemediengesetz) ist Heike Walter Keine Abmahnung ohne vorherigen KontaktSollte der Inhalt oder die Gestaltung Rechte Dritter oder gesetzliche Bestimmungen verletzen, so bitten wir unter Berufung auf \u00a7 [&hellip;]<\/p>\n","protected":false},"author":1,"featured_media":0,"parent":0,"menu_order":0,"comment_status":"closed","ping_status":"closed","template":"elementor_header_footer","meta":[],"yoast_head":"<!-- This site is optimized with the Yoast SEO plugin v21.1 - https:\/\/yoast.com\/wordpress\/plugins\/seo\/ -->\n<title>Impressum - Heike Walter<\/title>\n<meta name=\"robots\" content=\"index, follow, max-snippet:-1, max-image-preview:large, max-video-preview:-1\" \/>\n<link rel=\"canonical\" href=\"https:\/\/heikewalterberlin.de\/index.php\/impressum\/\" \/>\n<meta property=\"og:locale\" content=\"de_DE\" \/>\n<meta property=\"og:type\" content=\"article\" \/>\n<meta property=\"og:title\" content=\"Impressum - Heike Walter\" \/>\n<meta property=\"og:description\" content=\"Angaben gem\u00e4\u00df \u00a7 5 TMG NameStra\u00dfeStadt Umsatzsteuer-Identifikationsnummer gem\u00e4\u00df \u00a7 27 a Umsatzsteuergesetz: xxxx Kontakt Telefon:\u00a0xxxxE-Mail:\u00a0xxxx Inhaltlich verantwortlich: Inhaltlich verantwortlich f\u00fcr redaktionelle Inhalte der Webseite gem\u00e4\u00df \u00a7 5 TMG (Telemediengesetz) ist Heike Walter Keine Abmahnung ohne vorherigen KontaktSollte der Inhalt oder die Gestaltung Rechte Dritter oder gesetzliche Bestimmungen verletzen, so bitten wir unter Berufung auf \u00a7 [&hellip;]\" \/>\n<meta property=\"og:url\" content=\"https:\/\/heikewalterberlin.de\/index.php\/impressum\/\" \/>\n<meta property=\"og:site_name\" content=\"Heike Walter\" \/>\n<meta property=\"article:modified_time\" content=\"2022-09-30T09:35:43+00:00\" \/>\n<meta property=\"og:image\" content=\"https:\/\/carolawillbrand.de\/____impro\/1\/onewebmedia\/120x120.png?etag=%223d5-6214f7ad%22&amp;sourceContentType=image%2Fpng\" \/>\n<meta name=\"twitter:card\" content=\"summary_large_image\" \/>\n<meta name=\"twitter:label1\" content=\"Gesch\u00e4tzte Lesezeit\" \/>\n\t<meta name=\"twitter:data1\" content=\"2 Minuten\" \/>\n<script type=\"application\/ld+json\" class=\"yoast-schema-graph\">{\"@context\":\"https:\/\/schema.org\",\"@graph\":[{\"@type\":\"WebPage\",\"@id\":\"https:\/\/heikewalterberlin.de\/index.php\/impressum\/\",\"url\":\"https:\/\/heikewalterberlin.de\/index.php\/impressum\/\",\"name\":\"Impressum - Heike Walter\",\"isPartOf\":{\"@id\":\"https:\/\/heikewalterberlin.de\/#website\"},\"datePublished\":\"2022-09-12T09:26:10+00:00\",\"dateModified\":\"2022-09-30T09:35:43+00:00\",\"breadcrumb\":{\"@id\":\"https:\/\/heikewalterberlin.de\/index.php\/impressum\/#breadcrumb\"},\"inLanguage\":\"de-DE\",\"potentialAction\":[{\"@type\":\"ReadAction\",\"target\":[\"https:\/\/heikewalterberlin.de\/index.php\/impressum\/\"]}]},{\"@type\":\"BreadcrumbList\",\"@id\":\"https:\/\/heikewalterberlin.de\/index.php\/impressum\/#breadcrumb\",\"itemListElement\":[{\"@type\":\"ListItem\",\"position\":1,\"name\":\"Startseite\",\"item\":\"https:\/\/heikewalterberlin.de\/\"},{\"@type\":\"ListItem\",\"position\":2,\"name\":\"Impressum\"}]},{\"@type\":\"WebSite\",\"@id\":\"https:\/\/heikewalterberlin.de\/#website\",\"url\":\"https:\/\/heikewalterberlin.de\/\",\"name\":\"Heike Walter\",\"description\":\"\",\"potentialAction\":[{\"@type\":\"SearchAction\",\"target\":{\"@type\":\"EntryPoint\",\"urlTemplate\":\"https:\/\/heikewalterberlin.de\/?s={search_term_string}\"},\"query-input\":\"required name=search_term_string\"}],\"inLanguage\":\"de-DE\"}]}<\/script>\n<!-- \/ Yoast SEO plugin. -->","yoast_head_json":{"title":"Impressum - Heike Walter","robots":{"index":"index","follow":"follow","max-snippet":"max-snippet:-1","max-image-preview":"max-image-preview:large","max-video-preview":"max-video-preview:-1"},"canonical":"https:\/\/heikewalterberlin.de\/index.php\/impressum\/","og_locale":"de_DE","og_type":"article","og_title":"Impressum - Heike Walter","og_description":"Angaben gem\u00e4\u00df \u00a7 5 TMG NameStra\u00dfeStadt Umsatzsteuer-Identifikationsnummer gem\u00e4\u00df \u00a7 27 a Umsatzsteuergesetz: xxxx Kontakt Telefon:\u00a0xxxxE-Mail:\u00a0xxxx Inhaltlich verantwortlich: Inhaltlich verantwortlich f\u00fcr redaktionelle Inhalte der Webseite gem\u00e4\u00df \u00a7 5 TMG (Telemediengesetz) ist Heike Walter Keine Abmahnung ohne vorherigen KontaktSollte der Inhalt oder die Gestaltung Rechte Dritter oder gesetzliche Bestimmungen verletzen, so bitten wir unter Berufung auf \u00a7 [&hellip;]","og_url":"https:\/\/heikewalterberlin.de\/index.php\/impressum\/","og_site_name":"Heike Walter","article_modified_time":"2022-09-30T09:35:43+00:00","og_image":[{"url":"https:\/\/carolawillbrand.de\/____impro\/1\/onewebmedia\/120x120.png?etag=%223d5-6214f7ad%22&amp;sourceContentType=image%2Fpng"}],"twitter_card":"summary_large_image","twitter_misc":{"Gesch\u00e4tzte Lesezeit":"2 Minuten"},"schema":{"@context":"https:\/\/schema.org","@graph":[{"@type":"WebPage","@id":"https:\/\/heikewalterberlin.de\/index.php\/impressum\/","url":"https:\/\/heikewalterberlin.de\/index.php\/impressum\/","name":"Impressum - Heike Walter","isPartOf":{"@id":"https:\/\/heikewalterberlin.de\/#website"},"datePublished":"2022-09-12T09:26:10+00:00","dateModified":"2022-09-30T09:35:43+00:00","breadcrumb":{"@id":"https:\/\/heikewalterberlin.de\/index.php\/impressum\/#breadcrumb"},"inLanguage":"de-DE","potentialAction":[{"@type":"ReadAction","target":["https:\/\/heikewalterberlin.de\/index.php\/impressum\/"]}]},{"@type":"BreadcrumbList","@id":"https:\/\/heikewalterberlin.de\/index.php\/impressum\/#breadcrumb","itemListElement":[{"@type":"ListItem","position":1,"name":"Startseite","item":"https:\/\/heikewalterberlin.de\/"},{"@type":"ListItem","position":2,"name":"Impressum"}]},{"@type":"WebSite","@id":"https:\/\/heikewalterberlin.de\/#website","url":"https:\/\/heikewalterberlin.de\/","name":"Heike Walter","description":"","potentialAction":[{"@type":"SearchAction","target":{"@type":"EntryPoint","urlTemplate":"https:\/\/heikewalterberlin.de\/?s={search_term_string}"},"query-input":"required name=search_term_string"}],"inLanguage":"de-DE"}]}},"_links":{"self":[{"href":"https:\/\/heikewalterberlin.de\/index.php\/wp-json\/wp\/v2\/pages\/17"}],"collection":[{"href":"https:\/\/heikewalterberlin.de\/index.php\/wp-json\/wp\/v2\/pages"}],"about":[{"href":"https:\/\/heikewalterberlin.de\/index.php\/wp-json\/wp\/v2\/types\/page"}],"author":[{"embeddable":true,"href":"https:\/\/heikewalterberlin.de\/index.php\/wp-json\/wp\/v2\/users\/1"}],"replies":[{"embeddable":true,"href":"https:\/\/heikewalterberlin.de\/index.php\/wp-json\/wp\/v2\/comments?post=17"}],"version-history":[{"count":19,"href":"https:\/\/heikewalterberlin.de\/index.php\/wp-json\/wp\/v2\/pages\/17\/revisions"}],"predecessor-version":[{"id":646,"href":"https:\/\/heikewalterberlin.de\/index.php\/wp-json\/wp\/v2\/pages\/17\/revisions\/646"}],"wp:attachment":[{"href":"https:\/\/heikewalterberlin.de\/index.php\/wp-json\/wp\/v2\/media?parent=17"}],"curies":[{"name":"wp","href":"https:\/\/api.w.org\/{rel}","templated":true}]}}